{"id":73,"date":"2023-09-15T10:53:27","date_gmt":"2023-09-15T13:53:27","guid":{"rendered":"https:\/\/franquiasdesfihas.com.br\/?page_id=73"},"modified":"2023-11-17T14:37:28","modified_gmt":"2023-11-17T17:37:28","slug":"a-franquia","status":"publish","type":"page","link":"https:\/\/franquiasdesfihas.com.br\/","title":{"rendered":"A Franquia"},"content":{"rendered":"\t\t<div data-elementor-type=\"wp-page\" data-elementor-id=\"73\" class=\"elementor elementor-73\" data-elementor-post-type=\"page\">\n\t\t\t\t<div class=\"elementor-element elementor-element-98f0981 e-flex e-con-boxed e-con e-parent\" data-id=\"98f0981\" data-element_type=\"container\" data-e-type=\"container\">\n\t\t\t\t\t<div class=\"e-con-inner\">\n\t\t<div class=\"elementor-element elementor-element-09c0765 e-con-full e-flex e-con e-child\" data-id=\"09c0765\" data-element_type=\"container\" data-e-type=\"container\">\n\t\t\t\t<div class=\"elementor-element elementor-element-5d8e79d elementor-widget elementor-widget-image\" data-id=\"5d8e79d\" data-element_type=\"widget\" data-e-type=\"widget\" data-widget_type=\"image.default\">\n\t\t\t\t<div class=\"elementor-widget-container\">\n\t\t\t\t\t\t\t\t\t\t\t\t\t\t\t<img fetchpriority=\"high\" decoding=\"async\" width=\"1147\" height=\"840\" src=\"https:\/\/franquiasdesfihas.com.br\/wp-content\/uploads\/2023\/10\/esfihas.png\" class=\"attachment-full size-full wp-image-293\" alt=\"\" srcset=\"https:\/\/franquiasdesfihas.com.br\/wp-content\/uploads\/2023\/10\/esfihas.png 1147w, https:\/\/franquiasdesfihas.com.br\/wp-content\/uploads\/2023\/10\/esfihas-300x220.png 300w, https:\/\/franquiasdesfihas.com.br\/wp-content\/uploads\/2023\/10\/esfihas-1024x750.png 1024w, https:\/\/franquiasdesfihas.com.br\/wp-content\/uploads\/2023\/10\/esfihas-768x562.png 768w\" sizes=\"(max-width: 1147px) 100vw, 1147px\" \/>\t\t\t\t\t\t\t\t\t\t\t\t\t\t\t<\/div>\n\t\t\t\t<\/div>\n\t\t\t\t<div class=\"elementor-element elementor-element-e5567c8 elementor-widget elementor-widget-heading\" data-id=\"e5567c8\" data-element_type=\"widget\" data-e-type=\"widget\" data-widget_type=\"heading.default\">\n\t\t\t\t<div class=\"elementor-widget-container\">\n\t\t\t\t\t<h2 class=\"elementor-heading-title elementor-size-default\">A esfiha mais gostosa do Brasil<\/h2>\t\t\t\t<\/div>\n\t\t\t\t<\/div>\n\t\t\t\t<div class=\"elementor-element elementor-element-1a12e71 elementor-widget elementor-widget-text-editor\" data-id=\"1a12e71\" data-element_type=\"widget\" data-e-type=\"widget\" data-widget_type=\"text-editor.default\">\n\t\t\t\t<div class=\"elementor-widget-container\">\n\t\t\t\t\t\t\t\t\t<p>Desde 2014, a D&#8217;ESFIHAS tem sido a refer\u00eancia em esfihas deliciosas e de alta qualidade em todo o Brasil. N\u00e3o somos apenas uma marca de comida, somos apaixonados por transformar cada refei\u00e7\u00e3o em uma experi\u00eancia memor\u00e1vel para voc\u00ea.<\/p><p><strong>Sabor Inigual\u00e1vel:<\/strong><\/p><p>Nossa paix\u00e3o pela gastronomia est\u00e1 no cora\u00e7\u00e3o de tudo o que fazemos. Cada esfiha que preparamos \u00e9 uma obra-prima culin\u00e1ria, uma explos\u00e3o de sabores aut\u00eanticos que conquistou os paladares mais exigentes em todo o Brasil. Nossos chefs dedicados e experientes selecionam ingredientes frescos com o m\u00e1ximo cuidado, garantindo que cada mordida seja uma experi\u00eancia sensorial \u00fanica.<\/p><p><strong>Compromisso com a Qualidade e Seguran\u00e7a:<\/strong><\/p><p>Na D&#8217;ESFIHAS, a qualidade e a seguran\u00e7a alimentar s\u00e3o prioridades indiscut\u00edveis. Seguimos padr\u00f5es rigorosos em todas as etapas da prepara\u00e7\u00e3o, desde a escolha dos ingredientes at\u00e9 o momento em que sua esfiha \u00e9 servida. Assim, voc\u00ea pode desfrutar de nossos pratos com tranquilidade, sabendo que est\u00e3o em conformidade com os mais altos padr\u00f5es de higiene e qualidade.<\/p><p><strong>Inova\u00e7\u00e3o que Surpreende:<\/strong><\/p><p>Estamos constantemente buscando inova\u00e7\u00e3o para surpreender nossos clientes. Novos sabores, combina\u00e7\u00f5es \u00fanicas e experi\u00eancias gastron\u00f4micas emocionantes est\u00e3o sempre em nossa mente. Queremos que cada visita \u00e0 D&#8217;ESFIHAS seja uma descoberta de novos sabores e uma aventura para seu paladar.<\/p><p><strong>Nossa Miss\u00e3o: Sabor para Todos:<\/strong><\/p><p>Nossa miss\u00e3o \u00e9 simples e poderosa: oferecer uma experi\u00eancia \u00fanica de sabor para o m\u00e1ximo de pessoas poss\u00edvel em todo o Brasil. Acreditamos que a boa comida \u00e9 para ser compartilhada e apreciada por todos. \u00c9 por isso que nos esfor\u00e7amos diariamente para tornar nossas esfihas de qualidade superior acess\u00edveis a todos.<\/p><p><strong>Experimente a Diferen\u00e7a:<\/strong><\/p><p>Se voc\u00ea procura esfihas de qualidade superior que v\u00e3o al\u00e9m das suas expectativas, experimente a D&#8217;ESFIHAS. Descubra por que somos a melhor escolha para satisfazer seu paladar exigente. Junte-se a n\u00f3s em nossa miss\u00e3o de celebrar o sabor, a qualidade e a paix\u00e3o pela comida.<\/p><p>Venha \u00e0 D&#8217;ESFIHAS e descubra o verdadeiro significado do prazer gastron\u00f4mico. Sua jornada para o sabor come\u00e7a aqui. Aproveite a ess\u00eancia do sabor que Todo o Brasil ama na D&#8217;ESFIHAS.<\/p>\t\t\t\t\t\t\t\t<\/div>\n\t\t\t\t<\/div>\n\t\t\t\t<div class=\"elementor-element elementor-element-16c2b27 elementor-widget__width-initial elementor-widget elementor-widget-video\" data-id=\"16c2b27\" data-element_type=\"widget\" data-e-type=\"widget\" data-settings=\"{&quot;youtube_url&quot;:&quot;https:\\\/\\\/youtu.be\\\/TfWAFPhRc5I&quot;,&quot;autoplay&quot;:&quot;yes&quot;,&quot;video_type&quot;:&quot;youtube&quot;,&quot;controls&quot;:&quot;yes&quot;}\" data-widget_type=\"video.default\">\n\t\t\t\t<div class=\"elementor-widget-container\">\n\t\t\t\t\t\t\t<div class=\"elementor-wrapper elementor-open-inline\">\n\t\t\t<div class=\"elementor-video\"><\/div>\t\t<\/div>\n\t\t\t\t\t\t<\/div>\n\t\t\t\t<\/div>\n\t\t\t\t<\/div>\n\t\t\t\t\t<\/div>\n\t\t\t\t<\/div>\n\t\t\t\t<\/div>\n\t\t","protected":false},"excerpt":{"rendered":"<p>A esfiha mais gostosa do Brasil Desde 2014, a D&#8217;ESFIHAS tem sido a refer\u00eancia em esfihas deliciosas e de alta qualidade em todo o Brasil. N\u00e3o somos apenas uma marca de comida, somos apaixonados por transformar cada refei\u00e7\u00e3o em uma experi\u00eancia memor\u00e1vel para voc\u00ea. Sabor Inigual\u00e1vel: Nossa paix\u00e3o pela gastronomia est\u00e1 no cora\u00e7\u00e3o de tudo [&hellip;]<\/p>\n","protected":false},"author":1,"featured_media":0,"parent":0,"menu_order":0,"comment_status":"closed","ping_status":"closed","template":"elementor_header_footer","meta":{"footnotes":""},"class_list":["post-73","page","type-page","status-publish","hentry"],"_links":{"self":[{"href":"https:\/\/franquiasdesfihas.com.br\/index.php\/wp-json\/wp\/v2\/pages\/73","targetHints":{"allow":["GET"]}}],"collection":[{"href":"https:\/\/franquiasdesfihas.com.br\/index.php\/wp-json\/wp\/v2\/pages"}],"about":[{"href":"https:\/\/franquiasdesfihas.com.br\/index.php\/wp-json\/wp\/v2\/types\/page"}],"author":[{"embeddable":true,"href":"https:\/\/franquiasdesfihas.com.br\/index.php\/wp-json\/wp\/v2\/users\/1"}],"replies":[{"embeddable":true,"href":"https:\/\/franquiasdesfihas.com.br\/index.php\/wp-json\/wp\/v2\/comments?post=73"}],"version-history":[{"count":43,"href":"https:\/\/franquiasdesfihas.com.br\/index.php\/wp-json\/wp\/v2\/pages\/73\/revisions"}],"predecessor-version":[{"id":397,"href":"https:\/\/franquiasdesfihas.com.br\/index.php\/wp-json\/wp\/v2\/pages\/73\/revisions\/397"}],"wp:attachment":[{"href":"https:\/\/franquiasdesfihas.com.br\/index.php\/wp-json\/wp\/v2\/media?parent=73"}],"curies":[{"name":"wp","href":"https:\/\/api.w.org\/{rel}","templated":true}]}}